{"id":43,"date":"2022-07-30T15:47:41","date_gmt":"2022-07-30T13:47:41","guid":{"rendered":"https:\/\/ateliers-labarthe.com\/?page_id=43"},"modified":"2023-07-10T20:49:29","modified_gmt":"2023-07-10T18:49:29","slug":"artiste","status":"publish","type":"page","link":"https:\/\/ateliers-labarthe.com\/index.php\/artiste\/","title":{"rendered":"Artiste"},"content":{"rendered":"\n<div class=\"wp-block-group alignfull ext editor:no-inserter ext-py-lg has-black-background-color has-background is-layout-constrained wp-block-group-is-layout-constrained\">\n<div class=\"wp-block-columns alignwide desktop:fullwidth-cols ext-mb-lg desktop:ext-mb-base is-layout-flex wp-container-core-columns-is-layout-28f84493 wp-block-columns-is-layout-flex\">\n<div class=\"wp-block-column ext-mb-0 editor:no-inserter is-layout-flow wp-block-column-is-layout-flow\" style=\"flex-basis:75%\">\n<h2 class=\"wp-block-heading has-white-color has-text-color has-ext-x-large-font-size\" id=\"choose-from-hundreds-of-beautifully-designed-full-page-layouts-that-work-with-your-theme\">Peintre<\/h2>\n\n\n\n<div class=\"wp-block-buttons mt-base tablet:pt-base is-layout-flex wp-block-buttons-is-layout-flex\">\n<div class=\"wp-block-button\"><a class=\"wp-block-button__link has-black-color has-white-background-color has-text-color has-background wp-element-button\" href=\"https:\/\/www.artsteps.com\/view\/6158dfe76370ac8de7532535?currentUser\">Exposition Virtuelle<\/a><\/div>\n<\/div>\n<\/div>\n\n\n\n<div class=\"wp-block-column editor:no-inserter editor:pointer-events-none is-layout-flow wp-block-column-is-layout-flow\" style=\"flex-basis:25%\"><\/div>\n<\/div>\n\n\n\n<div class=\"wp-block-columns alignwide ext-grid ext-grid-cols-9 ext-grid-rows-1 ext-mt-0 is-layout-flex wp-container-core-columns-is-layout-28f84493 wp-block-columns-is-layout-flex\">\n<div class=\"wp-block-column ext-col-start-1 ext-col-end-4 ext-row-start-1 editor:no-inserter is-layout-flow wp-block-column-is-layout-flow\" style=\"padding-top:15vw;flex-basis:100%\">\n<figure class=\"wp-block-image size-large editor:no-caption\"><img loading=\"lazy\" decoding=\"async\" width=\"821\" height=\"1024\" src=\"https:\/\/ateliers-labarthe.com\/wp-content\/uploads\/2022\/11\/peinture-pour-site-1-821x1024.jpg\" alt=\"\" class=\"wp-image-75\" srcset=\"https:\/\/ateliers-labarthe.com\/wp-content\/uploads\/2022\/11\/peinture-pour-site-1-821x1024.jpg 821w, https:\/\/ateliers-labarthe.com\/wp-content\/uploads\/2022\/11\/peinture-pour-site-1-240x300.jpg 240w, https:\/\/ateliers-labarthe.com\/wp-content\/uploads\/2022\/11\/peinture-pour-site-1-768x958.jpg 768w, https:\/\/ateliers-labarthe.com\/wp-content\/uploads\/2022\/11\/peinture-pour-site-1-1231x1536.jpg 1231w, https:\/\/ateliers-labarthe.com\/wp-content\/uploads\/2022\/11\/peinture-pour-site-1-1641x2048.jpg 1641w\" sizes=\"auto, (max-width: 821px) 100vw, 821px\" \/><\/figure>\n<\/div>\n\n\n\n<div class=\"wp-block-column ext-col-start-3 ext-col-end-6 ext-row-start-1 editor:no-inserter ext-m-0 is-layout-flow wp-block-column-is-layout-flow\" style=\"padding-top:10vw;flex-basis:100%\">\n<figure class=\"wp-block-image size-large col-start-1 col-end-4 row-start-1 editor:no-caption\"><img loading=\"lazy\" decoding=\"async\" width=\"1011\" height=\"1024\" src=\"https:\/\/ateliers-labarthe.com\/wp-content\/uploads\/2022\/11\/peinture-pour-site--1011x1024.jpg\" alt=\"\" class=\"wp-image-76\" srcset=\"https:\/\/ateliers-labarthe.com\/wp-content\/uploads\/2022\/11\/peinture-pour-site--1011x1024.jpg 1011w, https:\/\/ateliers-labarthe.com\/wp-content\/uploads\/2022\/11\/peinture-pour-site--296x300.jpg 296w, https:\/\/ateliers-labarthe.com\/wp-content\/uploads\/2022\/11\/peinture-pour-site--768x778.jpg 768w, https:\/\/ateliers-labarthe.com\/wp-content\/uploads\/2022\/11\/peinture-pour-site--1517x1536.jpg 1517w, https:\/\/ateliers-labarthe.com\/wp-content\/uploads\/2022\/11\/peinture-pour-site--2023x2048.jpg 2023w\" sizes=\"auto, (max-width: 1011px) 100vw, 1011px\" \/><\/figure>\n<\/div>\n\n\n\n<div class=\"wp-block-column ext-col-start-5 ext-col-end-8 ext-row-start-1 editor:no-inserter ext-m-0 is-layout-flow wp-block-column-is-layout-flow\" style=\"padding-top:5vw;flex-basis:100%\">\n<figure class=\"wp-block-image size-large is-resized editor:no-caption\"><img loading=\"lazy\" decoding=\"async\" src=\"https:\/\/ateliers-labarthe.com\/wp-content\/uploads\/2022\/11\/peinture-pour-site-1-1-1024x1022.jpg\" alt=\"\" class=\"wp-image-77\" width=\"380\" height=\"379\" srcset=\"https:\/\/ateliers-labarthe.com\/wp-content\/uploads\/2022\/11\/peinture-pour-site-1-1-1024x1022.jpg 1024w, https:\/\/ateliers-labarthe.com\/wp-content\/uploads\/2022\/11\/peinture-pour-site-1-1-300x300.jpg 300w, https:\/\/ateliers-labarthe.com\/wp-content\/uploads\/2022\/11\/peinture-pour-site-1-1-150x150.jpg 150w, https:\/\/ateliers-labarthe.com\/wp-content\/uploads\/2022\/11\/peinture-pour-site-1-1-768x767.jpg 768w, https:\/\/ateliers-labarthe.com\/wp-content\/uploads\/2022\/11\/peinture-pour-site-1-1-1536x1534.jpg 1536w, https:\/\/ateliers-labarthe.com\/wp-content\/uploads\/2022\/11\/peinture-pour-site-1-1-2048x2045.jpg 2048w\" sizes=\"auto, (max-width: 380px) 100vw, 380px\" \/><\/figure>\n<\/div>\n\n\n\n<div class=\"wp-block-column ext-row-start-1 ext-col-start-7 ext-col-end-10 editor:no-inserter ext-m-0 is-layout-flow wp-block-column-is-layout-flow\" style=\"flex-basis:100%\">\n<figure class=\"wp-block-image size-large is-resized editor:no-caption is-style-default\"><img loading=\"lazy\" decoding=\"async\" src=\"https:\/\/ateliers-labarthe.com\/wp-content\/uploads\/2022\/11\/peinture-pour-site-2-649x1024.jpg\" alt=\"\" class=\"wp-image-78\" width=\"384\" height=\"605\" srcset=\"https:\/\/ateliers-labarthe.com\/wp-content\/uploads\/2022\/11\/peinture-pour-site-2-649x1024.jpg 649w, https:\/\/ateliers-labarthe.com\/wp-content\/uploads\/2022\/11\/peinture-pour-site-2-190x300.jpg 190w, https:\/\/ateliers-labarthe.com\/wp-content\/uploads\/2022\/11\/peinture-pour-site-2-768x1212.jpg 768w, https:\/\/ateliers-labarthe.com\/wp-content\/uploads\/2022\/11\/peinture-pour-site-2-973x1536.jpg 973w, https:\/\/ateliers-labarthe.com\/wp-content\/uploads\/2022\/11\/peinture-pour-site-2-1297x2048.jpg 1297w, https:\/\/ateliers-labarthe.com\/wp-content\/uploads\/2022\/11\/peinture-pour-site-2-scaled.jpg 1622w\" sizes=\"auto, (max-width: 384px) 100vw, 384px\" \/><\/figure>\n<\/div>\n<\/div>\n<\/div>\n\n\n\n<div class=\"wp-block-group alignfull ext editor:no-inserter ext-my-0 ext-py-lg is-layout-constrained wp-block-group-is-layout-constrained\">\n<div class=\"wp-block-columns alignwide editor:no-inserter tablet:fullwidth-cols ext-my-0 is-layout-flex wp-container-core-columns-is-layout-28f84493 wp-block-columns-is-layout-flex\">\n<div class=\"wp-block-column editor:no-inserter ext-mb-0 is-layout-flow wp-block-column-is-layout-flow\" style=\"flex-basis:70%\">\n<h2 class=\"wp-block-heading ext-mt-0 ext-p-0 ext-mb-base has-ext-x-large-font-size\" id=\"a-small-heading\"><strong>\u00c9<\/strong>crivain<\/h2>\n\n\n\n<p>Selon le sens &amp; le son des mots pour<br>\u00e9veiller, r\u00e9veiller &amp; \u00e9lever, r\u00e9v\u00e9ler&#8230;<\/p>\n<\/div>\n\n\n\n<div class=\"wp-block-column is-vertically-aligned-center editor:no-inserter ext-m-0 is-layout-flow wp-block-column-is-layout-flow\" style=\"flex-basis:30%\"><\/div>\n<\/div>\n\n\n\n<div class=\"wp-block-group alignwide is-style-default is-layout-constrained wp-block-group-is-layout-constrained\">\n<div class=\"wp-block-buttons alignwide is-content-justification-center is-layout-flex wp-container-core-buttons-is-layout-a89b3969 wp-block-buttons-is-layout-flex\">\n<div class=\"wp-block-button is-style-outline is-style-outline--1\"><a class=\"wp-block-button__link wp-element-button\" href=\"https:\/\/www.youtube.com\/watch?v=AgUPSCp3kpg&amp;ab_channel=horsceneofficiel\">Interview avec Vox Scriba<\/a><\/div>\n\n\n\n<div class=\"wp-block-button is-style-outline is-style-outline--2\"><a class=\"wp-block-button__link wp-element-button\" href=\"https:\/\/voxscriba.com\/commande-reves-ailes\">R\u00eaves ail\u00e9s<\/a><\/div>\n\n\n\n<div class=\"wp-block-button is-style-outline is-style-outline--3\"><a class=\"wp-block-button__link wp-element-button\" href=\"https:\/\/www.amazon.fr\/Semparer-dune-vie-sans-para%C3%AEtre-ebook\/dp\/B09MQZFVMS#\">S&#8217;emparer d&rsquo;une vie sans para\u00eetre<\/a><\/div>\n<\/div>\n\n\n\n<div class=\"wp-block-buttons is-content-justification-center is-layout-flex wp-container-core-buttons-is-layout-a89b3969 wp-block-buttons-is-layout-flex\"><\/div>\n<\/div>\n<\/div>\n\n\n\n<div class=\"wp-block-group is-layout-constrained wp-block-group-is-layout-constrained\">\n<h2 class=\"wp-block-heading alignfull\">Musicien<\/h2>\n<\/div>\n\n\n\n<p>Saxophoniste<\/p>\n\n\n\n<div class=\"wp-block-buttons is-content-justification-center is-layout-flex wp-container-core-buttons-is-layout-a89b3969 wp-block-buttons-is-layout-flex\">\n<div class=\"wp-block-button is-style-outline is-style-outline--4\"><a class=\"wp-block-button__link wp-element-button\" href=\"https:\/\/youtu.be\/QtEdkZRpdTA\">Enregistrement au B\u00e9nin<\/a><\/div>\n\n\n\n<div class=\"wp-block-button is-style-outline is-style-outline--5\"><a class=\"wp-block-button__link wp-element-button\" href=\"https:\/\/youtu.be\/FTOGZOdoxX8\">Jam au B\u00e9nin<\/a><\/div>\n\n\n\n<div class=\"wp-block-button is-style-outline is-style-outline--6\"><a class=\"wp-block-button__link wp-element-button\" href=\"https:\/\/youtu.be\/y7ZcwQsRCiM\">Improvisation live<\/a><\/div>\n<\/div>\n\n\n\n<p class=\"has-text-align-center has-medium-font-size\">Chef d&rsquo;orchestre &amp; compositeur<\/p>\n\n\n\n<div class=\"wp-block-buttons is-content-justification-center is-layout-flex wp-container-core-buttons-is-layout-a89b3969 wp-block-buttons-is-layout-flex\">\n<div class=\"wp-block-button is-style-outline is-style-outline--7\"><a class=\"wp-block-button__link wp-element-button\" href=\"https:\/\/youtu.be\/jq4xDkJRDfs\">Direction<\/a><\/div>\n\n\n\n<div class=\"wp-block-button is-style-outline is-style-outline--8\"><a class=\"wp-block-button__link wp-element-button\" href=\"https:\/\/www.free-scores.com\/search.php?search=labarthe\">Partitions<\/a><\/div>\n\n\n\n<div class=\"wp-block-button is-style-outline is-style-outline--9\"><a class=\"wp-block-button__link wp-element-button\" href=\"https:\/\/youtu.be\/GRSxeC8F9wI\" target=\"_blank\" rel=\"noreferrer noopener\">Composition Bande Originale<\/a><\/div>\n<\/div>\n\n\n\n<figure class=\"wp-block-audio\"><audio controls src=\"http:\/\/ateliers-labarthe.com\/wp-content\/uploads\/2022\/11\/whats-up-et-pirate-1.wav\"><\/audio><figcaption class=\"wp-element-caption\">Captation aux Eurochestries<\/figcaption><\/figure>\n\n\n\n<div class=\"wp-block-group alignfull has-secondary-background-color has-background ext-p-0 is-layout-constrained wp-block-group-is-layout-constrained\">\n<figure class=\"wp-block-gallery alignfull has-nested-images columns-5 is-cropped has-foreground-background-color has-background ext-gap-base ext-p-base ext-my-0 ext editor:no-caption wp-block-gallery-10 is-layout-flex wp-block-gallery-is-layout-flex\">\n<figure class=\"wp-block-image size-large ext-m-0\"><img loading=\"lazy\" decoding=\"async\" width=\"1024\" height=\"768\" data-id=\"102\" src=\"http:\/\/ateliers-labarthe.com\/wp-content\/uploads\/2022\/11\/photo-chef-site-6-1024x768.jpg\" alt=\"\" class=\"wp-image-102\" srcset=\"https:\/\/ateliers-labarthe.com\/wp-content\/uploads\/2022\/11\/photo-chef-site-6-1024x768.jpg 1024w, https:\/\/ateliers-labarthe.com\/wp-content\/uploads\/2022\/11\/photo-chef-site-6-300x225.jpg 300w, https:\/\/ateliers-labarthe.com\/wp-content\/uploads\/2022\/11\/photo-chef-site-6-768x576.jpg 768w, https:\/\/ateliers-labarthe.com\/wp-content\/uploads\/2022\/11\/photo-chef-site-6-1536x1152.jpg 1536w, https:\/\/ateliers-labarthe.com\/wp-content\/uploads\/2022\/11\/photo-chef-site-6-2048x1536.jpg 2048w\" sizes=\"auto, (max-width: 1024px) 100vw, 1024px\" \/><\/figure>\n\n\n\n<figure class=\"wp-block-image size-large ext-m-0\"><img loading=\"lazy\" decoding=\"async\" width=\"1024\" height=\"768\" data-id=\"108\" src=\"http:\/\/ateliers-labarthe.com\/wp-content\/uploads\/2022\/11\/photo-site-chef-4-1024x768.jpg\" alt=\"\" class=\"wp-image-108\" srcset=\"https:\/\/ateliers-labarthe.com\/wp-content\/uploads\/2022\/11\/photo-site-chef-4-1024x768.jpg 1024w, https:\/\/ateliers-labarthe.com\/wp-content\/uploads\/2022\/11\/photo-site-chef-4-300x225.jpg 300w, https:\/\/ateliers-labarthe.com\/wp-content\/uploads\/2022\/11\/photo-site-chef-4-768x576.jpg 768w, https:\/\/ateliers-labarthe.com\/wp-content\/uploads\/2022\/11\/photo-site-chef-4-1536x1152.jpg 1536w, https:\/\/ateliers-labarthe.com\/wp-content\/uploads\/2022\/11\/photo-site-chef-4-2048x1536.jpg 2048w\" sizes=\"auto, (max-width: 1024px) 100vw, 1024px\" \/><\/figure>\n\n\n\n<figure class=\"wp-block-image size-large ext-m-0\"><img loading=\"lazy\" decoding=\"async\" width=\"1024\" height=\"768\" data-id=\"107\" src=\"http:\/\/ateliers-labarthe.com\/wp-content\/uploads\/2022\/11\/photo-site-chef-3-1024x768.jpg\" alt=\"\" class=\"wp-image-107\" srcset=\"https:\/\/ateliers-labarthe.com\/wp-content\/uploads\/2022\/11\/photo-site-chef-3-1024x768.jpg 1024w, https:\/\/ateliers-labarthe.com\/wp-content\/uploads\/2022\/11\/photo-site-chef-3-300x225.jpg 300w, https:\/\/ateliers-labarthe.com\/wp-content\/uploads\/2022\/11\/photo-site-chef-3-768x576.jpg 768w, https:\/\/ateliers-labarthe.com\/wp-content\/uploads\/2022\/11\/photo-site-chef-3-1536x1152.jpg 1536w, https:\/\/ateliers-labarthe.com\/wp-content\/uploads\/2022\/11\/photo-site-chef-3-2048x1536.jpg 2048w\" sizes=\"auto, (max-width: 1024px) 100vw, 1024px\" \/><\/figure>\n\n\n\n<figure class=\"wp-block-image size-large ext-m-0\"><img loading=\"lazy\" decoding=\"async\" width=\"1024\" height=\"768\" data-id=\"101\" src=\"http:\/\/ateliers-labarthe.com\/wp-content\/uploads\/2022\/11\/DSC00812-1024x768.jpg\" alt=\"\" class=\"wp-image-101\" srcset=\"https:\/\/ateliers-labarthe.com\/wp-content\/uploads\/2022\/11\/DSC00812-1024x768.jpg 1024w, https:\/\/ateliers-labarthe.com\/wp-content\/uploads\/2022\/11\/DSC00812-300x225.jpg 300w, https:\/\/ateliers-labarthe.com\/wp-content\/uploads\/2022\/11\/DSC00812-768x576.jpg 768w, https:\/\/ateliers-labarthe.com\/wp-content\/uploads\/2022\/11\/DSC00812-1536x1152.jpg 1536w, https:\/\/ateliers-labarthe.com\/wp-content\/uploads\/2022\/11\/DSC00812-2048x1536.jpg 2048w\" sizes=\"auto, (max-width: 1024px) 100vw, 1024px\" \/><\/figure>\n\n\n\n<figure class=\"wp-block-image size-large ext-m-0\"><img loading=\"lazy\" decoding=\"async\" width=\"1024\" height=\"768\" data-id=\"105\" src=\"http:\/\/ateliers-labarthe.com\/wp-content\/uploads\/2022\/11\/DSC02150-1024x768.jpg\" alt=\"\" class=\"wp-image-105\" srcset=\"https:\/\/ateliers-labarthe.com\/wp-content\/uploads\/2022\/11\/DSC02150-1024x768.jpg 1024w, https:\/\/ateliers-labarthe.com\/wp-content\/uploads\/2022\/11\/DSC02150-300x225.jpg 300w, https:\/\/ateliers-labarthe.com\/wp-content\/uploads\/2022\/11\/DSC02150-768x576.jpg 768w, https:\/\/ateliers-labarthe.com\/wp-content\/uploads\/2022\/11\/DSC02150-1536x1152.jpg 1536w, https:\/\/ateliers-labarthe.com\/wp-content\/uploads\/2022\/11\/DSC02150-2048x1536.jpg 2048w\" sizes=\"auto, (max-width: 1024px) 100vw, 1024px\" \/><\/figure>\n\n\n\n<figure class=\"wp-block-image size-large ext-m-0\"><img loading=\"lazy\" decoding=\"async\" width=\"1024\" height=\"768\" data-id=\"106\" src=\"http:\/\/ateliers-labarthe.com\/wp-content\/uploads\/2022\/11\/DSC02194-1024x768.jpg\" alt=\"\" class=\"wp-image-106\" srcset=\"https:\/\/ateliers-labarthe.com\/wp-content\/uploads\/2022\/11\/DSC02194-1024x768.jpg 1024w, https:\/\/ateliers-labarthe.com\/wp-content\/uploads\/2022\/11\/DSC02194-300x225.jpg 300w, https:\/\/ateliers-labarthe.com\/wp-content\/uploads\/2022\/11\/DSC02194-768x576.jpg 768w, https:\/\/ateliers-labarthe.com\/wp-content\/uploads\/2022\/11\/DSC02194-1536x1152.jpg 1536w, https:\/\/ateliers-labarthe.com\/wp-content\/uploads\/2022\/11\/DSC02194-2048x1536.jpg 2048w\" sizes=\"auto, (max-width: 1024px) 100vw, 1024px\" \/><\/figure>\n\n\n\n<figure class=\"wp-block-image size-large ext-m-0\"><img loading=\"lazy\" decoding=\"async\" width=\"1024\" height=\"768\" data-id=\"109\" src=\"http:\/\/ateliers-labarthe.com\/wp-content\/uploads\/2022\/11\/photo-chef-7-1-1024x768.jpg\" alt=\"\" class=\"wp-image-109\" srcset=\"https:\/\/ateliers-labarthe.com\/wp-content\/uploads\/2022\/11\/photo-chef-7-1-1024x768.jpg 1024w, https:\/\/ateliers-labarthe.com\/wp-content\/uploads\/2022\/11\/photo-chef-7-1-300x225.jpg 300w, https:\/\/ateliers-labarthe.com\/wp-content\/uploads\/2022\/11\/photo-chef-7-1-768x576.jpg 768w, https:\/\/ateliers-labarthe.com\/wp-content\/uploads\/2022\/11\/photo-chef-7-1-1536x1152.jpg 1536w, https:\/\/ateliers-labarthe.com\/wp-content\/uploads\/2022\/11\/photo-chef-7-1-2048x1536.jpg 2048w\" sizes=\"auto, (max-width: 1024px) 100vw, 1024px\" \/><\/figure>\n<\/figure>\n<\/div>\n\n\n\n<div class=\"wp-block-buttons is-content-justification-center is-layout-flex wp-container-core-buttons-is-layout-a89b3969 wp-block-buttons-is-layout-flex\">\n<div class=\"wp-block-button is-style-outline is-style-outline--11\"><a class=\"wp-block-button__link wp-element-button\" href=\"https:\/\/youtu.be\/mQmhdtq1mJs\">Cr\u00e9ation<\/a><\/div>\n<\/div>\n\n\n\n<div class=\"wp-block-buttons alignwide is-content-justification-center is-layout-flex wp-container-core-buttons-is-layout-a89b3969 wp-block-buttons-is-layout-flex\">\n<div class=\"wp-block-button is-style-outline is-style-outline--12\"><a class=\"wp-block-button__link wp-element-button\">Figuration<\/a><\/div>\n<\/div>\n\n\n\n<div class=\"wp-block-buttons is-content-justification-center is-layout-flex wp-container-core-buttons-is-layout-a89b3969 wp-block-buttons-is-layout-flex\">\n<div class=\"wp-block-button is-style-outline is-style-outline--13\"><a class=\"wp-block-button__link wp-element-button\" href=\"https:\/\/www.francebleu.fr\/emissions\/le-temoin-du-jour\/gascogne\/le-temoin-du-jour-197?fbclid=IwAR2yEbG30f9TPy8OTNqrlQuLPdvYIdwtcqmuebIm1iD1TlW1XPJWhY4M8lY\">Interview radio<\/a><\/div>\n<\/div>\n","protected":false},"excerpt":{"rendered":"<p>Peintre \u00c9crivain Selon le sens &amp; le son des mots pour\u00e9veiller, r\u00e9veiller &amp; \u00e9lever, r\u00e9v\u00e9ler&#8230; Musicien Saxophoniste Chef d&rsquo;orchestre &amp; compositeur<\/p>\n","protected":false},"author":2,"featured_media":0,"parent":0,"menu_order":0,"comment_status":"closed","ping_status":"closed","template":"","meta":{"footnotes":""},"class_list":["post-43","page","type-page","status-publish","hentry"],"_links":{"self":[{"href":"https:\/\/ateliers-labarthe.com\/index.php\/wp-json\/wp\/v2\/pages\/43","targetHints":{"allow":["GET"]}}],"collection":[{"href":"https:\/\/ateliers-labarthe.com\/index.php\/wp-json\/wp\/v2\/pages"}],"about":[{"href":"https:\/\/ateliers-labarthe.com\/index.php\/wp-json\/wp\/v2\/types\/page"}],"author":[{"embeddable":true,"href":"https:\/\/ateliers-labarthe.com\/index.php\/wp-json\/wp\/v2\/users\/2"}],"replies":[{"embeddable":true,"href":"https:\/\/ateliers-labarthe.com\/index.php\/wp-json\/wp\/v2\/comments?post=43"}],"version-history":[{"count":26,"href":"https:\/\/ateliers-labarthe.com\/index.php\/wp-json\/wp\/v2\/pages\/43\/revisions"}],"predecessor-version":[{"id":164,"href":"https:\/\/ateliers-labarthe.com\/index.php\/wp-json\/wp\/v2\/pages\/43\/revisions\/164"}],"wp:attachment":[{"href":"https:\/\/ateliers-labarthe.com\/index.php\/wp-json\/wp\/v2\/media?parent=43"}],"curies":[{"name":"wp","href":"https:\/\/api.w.org\/{rel}","templated":true}]}}