{"id":48,"date":"2022-07-30T15:57:36","date_gmt":"2022-07-30T13:57:36","guid":{"rendered":"https:\/\/ateliers-labarthe.com\/?page_id=48"},"modified":"2023-11-12T22:44:01","modified_gmt":"2023-11-12T21:44:01","slug":"48-2","status":"publish","type":"page","link":"https:\/\/ateliers-labarthe.com\/index.php\/48-2\/","title":{"rendered":"P\u00e9dagogue"},"content":{"rendered":"\n<div class=\"ext editor:no-inserter ext-py-lg wp-block-group alignfull ext-my-0 is-vertical is-content-justification-center is-layout-flex wp-container-core-group-is-layout-b6c1f246 wp-block-group-is-layout-flex\">\n<figure class=\"wp-block-pullquote has-text-align-center\"><blockquote><p><br>Une innovation p\u00e9dagogique pour<br><strong> Apprendre bien plus que la musiqu<\/strong>e<\/p><\/blockquote><\/figure>\n\n\n\n<div class=\"wp-block-columns alignwide tablet:fullwidth-cols ext-mb-lg tablet:ext-mb-base is-layout-flex wp-container-core-columns-is-layout-28f84493 wp-block-columns-is-layout-flex\">\n<div class=\"wp-block-column editor:no-inserter ext-mb-0 is-layout-flow wp-block-column-is-layout-flow\" style=\"flex-basis:50%\">\n<p class=\"has-text-align-center ext-mt-0 has-ext-medium-font-size\"><\/p>\n<\/div>\n\n\n\n<div class=\"wp-block-column editor:no-inserter is-layout-flow wp-block-column-is-layout-flow\" style=\"flex-basis:50%\"><\/div>\n<\/div>\n<\/div>\n\n\n\n<figure class=\"wp-block-image aligncenter size-large is-resized\"><img loading=\"lazy\" decoding=\"async\" width=\"1024\" height=\"700\" src=\"http:\/\/ateliers-labarthe.com\/wp-content\/uploads\/2023\/11\/Capture-decran-2023-11-12-a-21.13.16-1024x700.png\" alt=\"\" class=\"wp-image-169\" style=\"width:1089px;height:auto\" srcset=\"https:\/\/ateliers-labarthe.com\/wp-content\/uploads\/2023\/11\/Capture-decran-2023-11-12-a-21.13.16-1024x700.png 1024w, https:\/\/ateliers-labarthe.com\/wp-content\/uploads\/2023\/11\/Capture-decran-2023-11-12-a-21.13.16-300x205.png 300w, https:\/\/ateliers-labarthe.com\/wp-content\/uploads\/2023\/11\/Capture-decran-2023-11-12-a-21.13.16-768x525.png 768w, https:\/\/ateliers-labarthe.com\/wp-content\/uploads\/2023\/11\/Capture-decran-2023-11-12-a-21.13.16-1536x1051.png 1536w, https:\/\/ateliers-labarthe.com\/wp-content\/uploads\/2023\/11\/Capture-decran-2023-11-12-a-21.13.16.png 1880w\" sizes=\"auto, (max-width: 1024px) 100vw, 1024px\" \/><\/figure>\n\n\n\n<h5 class=\"wp-block-heading has-text-align-left\"><strong>Facilitateur d\u2019apprentissages<\/strong>\u00a0<\/h5>\n\n\n\n<p class=\"has-text-align-left\">D\u00e9couverte instrumentale &amp; initiation musicale dans le plaisir d&rsquo;\u00eatre acteur &amp; la bienveillance de l&rsquo;intervenant.<\/p>\n\n\n\n<ul class=\"wp-block-list\">\n<li>Sensibiliser \u00e0 la musique &amp; r\u00e9v\u00e9ler une passion. la D\u00e9couverte instrumentale avec les nouveaux mod\u00e8les p\u00e9dagogiques <\/li>\n<\/ul>\n\n\n\n<ul class=\"wp-block-list\">\n<li>Rendre accessible l&rsquo;apprentissage des <em>Vent<\/em>s, du Piano, de la Composition, de l&rsquo;Improvisation &amp; de la Direction d&rsquo;Orchestre<\/li>\n<\/ul>\n\n\n\n<div class=\"wp-block-group is-layout-constrained wp-block-group-is-layout-constrained\">\n<h5 class=\"wp-block-heading has-text-align-left\"><strong>la Musico-p\u00e9dagogie &amp; Musico-rem\u00e9diation avec la m\u00e9thode A.M.A<\/strong><\/h5>\n\n\n\n<p><strong>l\u2019A<\/strong>pprentissage <strong>M<\/strong>usical <strong>A<\/strong>lternatif\u00a0(A.M.A) au service des apprentissages (Musico-p\u00e9dagogie). Cette p\u00e9dagogie musicale s&rsquo;inspire des p\u00e9dagogies alternatives et est en ad\u00e9quation avec les derni\u00e8res recherches en neurosciences. <\/p>\n\n\n\n<p>Outils&nbsp;: sensori-moteur, Intelligence Multiple, apprentissage par essais\/erreur, socio-constructivisme, p\u00e9dagogie active et coop\u00e9rative, coh\u00e9rence cardiaque, m\u00e9tacognition, discipline positive<\/p>\n\n\n\n<p>Objectif&nbsp;: autonomie &amp; cr\u00e9ativit\u00e9, comp\u00e9tence interpersonnelle, confiance en soi, d\u00e9velopper les fonctions ex\u00e9cutives, <\/p>\n<\/div>\n\n\n\n<div class=\"wp-block-group is-layout-constrained wp-block-group-is-layout-constrained\">\n<h5 class=\"wp-block-heading has-text-align-left\"><strong>Coach P\u00e9dagogique &amp; Educatif<\/strong><\/h5>\n\n\n\n<div class=\"wp-block-group is-layout-constrained wp-block-group-is-layout-constrained\">\n<p><strong>&#8211; Individuel <\/strong><br>Accompagnement construit sur l\u2019Amour compassionnel. C\u2019est une relation affective s\u00e9curisante asym\u00e9trique qui consiste \u00e0 consid\u00e9rer l\u2019\u00e9l\u00e8ve autant que ses difficult\u00e9s d\u2019apprentissage pour l\u2019aider \u00e0 reprendre confiance et r\u00e9ussir dans sa scolarit\u00e9.<\/p>\n\n\n\n<p>&#8211; <strong>Collectif avec les Ateliers \u00ables ApprentisSages&nbsp;\u00bb<\/strong><\/p>\n\n\n\n<p>Mieux se connaitre pour reprendre confiance en soi dans les apprentissages.<br>Outils&nbsp;: musico-p\u00e9dagogie et A.M.A.<br>Objectif&nbsp;: ateliers collectifs de sensibilisations aux neurosciences dans le but de r\u00e9concilier et accompagner l\u2019apprenant dans ses apprentissages scolaires (cycle3)<\/p>\n\n\n\n<p>\u00ab\u00a0<em>M Labarthe m\u2019a transmis des m\u00e9thodes et des d\u00e9marches pour apprendre. Gr\u00e2ce \u00e0 cette ouverture, Je pense avoir r\u00e9ussi \u00e0 trouver mon moyen d&rsquo;apprentissage. Avant j&rsquo;avais \u00e9norm\u00e9ment de mal \u00e0 \u00e9crire correctement. J&rsquo;\u00e9crivais uniquement comme je parlais, maintenant j&rsquo;essaie de faire des efforts. J&rsquo;essaie aussi de me relire quand j&rsquo;y pense, ainsi que de ne pas faire de trop grandes phrases. Il a essay\u00e9 de me donner confiance en moi et de me motiver. Concernant la confiance, je trouve que je me suis am\u00e9lior\u00e9e, mais pour la motivation ce n&rsquo;est pas encore \u00e7a &#8230;<br>Son accompagnement est extr\u00eamement pr\u00e9cieux, il sait quels sont les bons mots \u00e0 utiliser quand il faut. Il est la premi\u00e8re personne \u00e0 qui je me suis confi\u00e9e. Il sait mettre en confiance les gens. Il est tr\u00e8s doux, patient et compr\u00e9hensif. Avec tout ce qu\u2019il m\u2019a apport\u00e9, Je trouve que le changement est tr\u00e8s visible entre avant et maintenant. Peut \u00eatre que je prends les chose \u00e0 c\u0153ur, je ne sais pas, mais en tout cas je trouve qu\u2019il a un \u00e9norme talent pour \u00e7a, il a un potentiel extraordinaire.<br>Je ne le remercierai jamais assez pour tout ce qu\u2019il a fait pour moi.\u00a0\u00bb<br>\u00c9l\u00e8ve de 3 eme, Cozes (17), 2022<\/em><\/p>\n<\/div>\n<\/div>\n\n\n\n<blockquote class=\"wp-block-quote has-text-align-center is-layout-flow wp-block-quote-is-layout-flow\">\n<p><\/p>\n<cite><br>\u00ab\u00a0Lors d\u2019un s\u00e9jour en Suisse en 2022, Julien Labarthe m\u2019a accompagn\u00e9e dans mes classes et<br>dans mes ch\u0153urs (enfants et adultes). Il a propos\u00e9 diverses activit\u00e9s musicales permettant<br>de d\u00e9velopper la pulsation, le ressenti par le corps, l\u2019harmonie, l\u2019\u00e9coute, le tout \u00e0 travers des<br>jeux. &nbsp;Ex&nbsp;: pulsation en mouvement&nbsp;; chor\u00e9graphie simple&nbsp;; \u00ab&nbsp;l\u2019\u00e9l\u00e8ve chef\u00b7fe d\u2019orchestre&nbsp;\u00bb et<br>l\u2019approche harmonique (comment faire jouer des accords maj\/min \u00e0 chacun en 5\u2019).<br>Sa fa\u00e7on d\u2019expliquer et d\u2019expliciter les avantages de chaque activit\u00e9 propos\u00e9e, me sers<br>depuis dans mon enseignement. Les \u00e9l\u00e8ves adh\u00e8rent plus facilement lorsqu\u2019ils comprennent<br>l\u2019int\u00e9r\u00eat, et c\u2019est important de le pr\u00e9ciser. M\u00eame si \u00e7a nous para\u00eet \u00e9vident, \u00e7a ne l\u2019est pas<br>forc\u00e9ment pour eux. Je retiens : \u00ab&nbsp;Etre vrai, claire&nbsp;et concise \u00bb.<br>Ariane Mi\u00e9ville, 35 ans<br>Enseignante de musique et cheffe de ch\u0153ur en Suisse<\/cite><\/blockquote>\n\n\n\n<h5 class=\"wp-block-heading has-text-align-left\"><strong>Pratique Musicale &amp; Pr\u00e9paration Mentale en Conscience<\/strong> <\/h5>\n\n\n\n<p class=\"has-text-align-center\"><strong>Conscience individuelle &amp; Performer le collectif<\/strong> <\/p>\n\n\n\n<div class=\"wp-block-buttons is-content-justification-right is-layout-flex wp-container-core-buttons-is-layout-c133f063 wp-block-buttons-is-layout-flex\"><\/div>\n\n\n\n<div class=\"wp-block-group is-layout-constrained wp-block-group-is-layout-constrained\">\n<p class=\"has-text-align-left\">\u00ab\u00a0<em>Dans mes chorales, par un exercice d\u2019ancrage et de respiration, il a su cr\u00e9er une \u00e9nergie<br>entre les choristes qui a favoris\u00e9 la concentration et l\u2019\u00e9coute dont j\u2019ai pu directement<br>b\u00e9n\u00e9ficier durant la r\u00e9p\u00e9tition. Les chanteurs, et chanteuses en particulier, \u00e9taient<br>reconnaissants pour ce moment de connexion\u00a0\u00bb.<br>Ariane Mi\u00e9ville, 35 ans<br>Enseignante de musique et cheffe de ch\u0153ur en Suisse<\/em><\/p>\n<\/div>\n\n\n\n<p><\/p>\n\n\n\n<div class=\"wp-block-buttons alignwide is-content-justification-center is-layout-flex wp-container-core-buttons-is-layout-23a043ba wp-block-buttons-is-layout-flex\">\n<div class=\"wp-block-button is-style-outline is-style-outline--1\"><a class=\"wp-block-button__link wp-element-button\" href=\"https:\/\/youtu.be\/vV2ROvMhdHg\" target=\"_blank\" rel=\"noreferrer noopener\">Facilitateur d&rsquo;apprentissages<\/a><\/div>\n\n\n\n<div class=\"wp-block-button is-style-outline is-style-outline--2\"><a class=\"wp-block-button__link wp-element-button\" href=\"http:\/\/ateliers-labarthe.com\/wp-content\/uploads\/2023\/07\/Lecole-sonore-2023.pdf\" target=\"_blank\" rel=\"noreferrer noopener\">Ecole Sonore<\/a><\/div>\n\n\n\n<div class=\"wp-block-button is-style-outline is-style-outline--3\"><a class=\"wp-block-button__link wp-element-button\" href=\"https:\/\/soundcloud.com\/user-222922188\/decouverte-des-instruments-a-vent-avec-julien-labarthe?utm_source=clipboard&amp;utm_medium=text&amp;utm_campaign=social_sharing\" target=\"_blank\" rel=\"noreferrer noopener\">Ecole Sonore: illustration web radio<\/a><\/div>\n\n\n\n<div class=\"wp-block-button is-style-outline is-style-outline--4\"><a class=\"wp-block-button__link wp-element-button\" href=\"https:\/\/youtube.com\/shorts\/HoTizsHJeug?feature=share\" target=\"_blank\" rel=\"noreferrer noopener\">T\u00e9moignage<\/a><\/div>\n\n\n\n<div class=\"wp-block-button is-style-outline is-style-outline--5\"><a class=\"wp-block-button__link wp-element-button\" href=\"http:\/\/ateliers-labarthe.com\/wp-content\/uploads\/2023\/07\/D-musico-remediation-Visuel.pdf\" target=\"_blank\" rel=\"noreferrer noopener\">Musico-p\u00e9dagogie<\/a><\/div>\n<\/div>\n\n\n\n<div class=\"wp-block-buttons alignwide is-content-justification-center is-layout-flex wp-container-core-buttons-is-layout-a89b3969 wp-block-buttons-is-layout-flex\">\n<div class=\"wp-block-button is-style-outline is-style-outline--6\"><a class=\"wp-block-button__link wp-element-button\" href=\"https:\/\/padlet.com\/julienlabarthe401\/nikxozrcqgnakgls\" target=\"_blank\" rel=\"noreferrer noopener\">Espace \u00e9l\u00e8ve Coll\u00e8ge Education Musicale<\/a><\/div>\n\n\n\n<div class=\"wp-block-button alignleft is-style-outline is-style-outline--7\"><a class=\"wp-block-button__link wp-element-button\" href=\"https:\/\/padlet.com\/julienlabarthe401\/zp8kahodebaomljw\" target=\"_blank\" rel=\"noreferrer noopener\">Espace \u00e9l\u00e8ve Ecole de Musique<\/a><\/div>\n\n\n\n<div class=\"wp-block-button alignleft is-style-outline is-style-outline--8\"><a class=\"wp-block-button__link wp-element-button\" href=\"https:\/\/padlet.com\/julienlabarthe401\/du-nrsa-uco-angers-2021-1n9vq9mt4zb5oght\" target=\"_blank\" rel=\"noreferrer noopener\">Portfolio DU NRSA<\/a><\/div>\n<\/div>\n\n\n\n<div class=\"wp-block-buttons is-layout-flex wp-block-buttons-is-layout-flex\"><\/div>\n\n\n<a class=\"wp-block-read-more\" href=\"https:\/\/ateliers-labarthe.com\/index.php\/48-2\/\" target=\"_self\">Lire la suite<span class=\"screen-reader-text\">\u00a0: P\u00e9dagogue<\/span><\/a>","protected":false},"excerpt":{"rendered":"<p>Une innovation p\u00e9dagogique pour Apprendre bien plus que la musique Facilitateur d\u2019apprentissages\u00a0 D\u00e9couverte instrumentale &amp; initiation musicale dans le plaisir d&rsquo;\u00eatre acteur &amp; la bienveillance de l&rsquo;intervenant. la Musico-p\u00e9dagogie &amp; Musico-rem\u00e9diation avec la m\u00e9thode A.M.A l\u2019Apprentissage Musical Alternatif\u00a0(A.M.A) au service des apprentissages (Musico-p\u00e9dagogie). Cette p\u00e9dagogie musicale s&rsquo;inspire des p\u00e9dagogies alternatives et est en ad\u00e9quation avec [&hellip;]<\/p>\n","protected":false},"author":1,"featured_media":0,"parent":0,"menu_order":0,"comment_status":"closed","ping_status":"closed","template":"","meta":{"footnotes":""},"class_list":["post-48","page","type-page","status-publish","hentry"],"_links":{"self":[{"href":"https:\/\/ateliers-labarthe.com\/index.php\/wp-json\/wp\/v2\/pages\/48","targetHints":{"allow":["GET"]}}],"collection":[{"href":"https:\/\/ateliers-labarthe.com\/index.php\/wp-json\/wp\/v2\/pages"}],"about":[{"href":"https:\/\/ateliers-labarthe.com\/index.php\/wp-json\/wp\/v2\/types\/page"}],"author":[{"embeddable":true,"href":"https:\/\/ateliers-labarthe.com\/index.php\/wp-json\/wp\/v2\/users\/1"}],"replies":[{"embeddable":true,"href":"https:\/\/ateliers-labarthe.com\/index.php\/wp-json\/wp\/v2\/comments?post=48"}],"version-history":[{"count":27,"href":"https:\/\/ateliers-labarthe.com\/index.php\/wp-json\/wp\/v2\/pages\/48\/revisions"}],"predecessor-version":[{"id":178,"href":"https:\/\/ateliers-labarthe.com\/index.php\/wp-json\/wp\/v2\/pages\/48\/revisions\/178"}],"wp:attachment":[{"href":"https:\/\/ateliers-labarthe.com\/index.php\/wp-json\/wp\/v2\/media?parent=48"}],"curies":[{"name":"wp","href":"https:\/\/api.w.org\/{rel}","templated":true}]}}